{"id":628,"date":"2025-02-16T12:04:13","date_gmt":"2025-02-16T12:04:13","guid":{"rendered":"http:\/\/www.joecockerandfriends.at\/?page_id=628"},"modified":"2025-03-07T09:56:06","modified_gmt":"2025-03-07T08:56:06","slug":"agb","status":"publish","type":"page","link":"https:\/\/www.joecockerandfriends.at\/?page_id=628","title":{"rendered":"AGB"},"content":{"rendered":"\t\t<div data-elementor-type=\"wp-page\" data-elementor-id=\"628\" class=\"elementor elementor-628\">\n\t\t\t\t<div class=\"elementor-element elementor-element-42f70a1 e-flex e-con-boxed e-con e-parent\" data-id=\"42f70a1\" data-element_type=\"container\">\n\t\t\t\t\t<div class=\"e-con-inner\">\n\t\t\t\t<div class=\"elementor-element elementor-element-a093f71 elementor-widget elementor-widget-ekit-nav-menu\" data-id=\"a093f71\" data-element_type=\"widget\" data-widget_type=\"ekit-nav-menu.default\">\n\t\t\t\t<div class=\"elementor-widget-container\">\n\t\t\t\t\t\t\t<nav class=\"ekit-wid-con ekit_menu_responsive_mobile\" \n\t\t\tdata-hamburger-icon=\"icon icon-menu-button-of-three-horizontal-lines\" \n\t\t\tdata-hamburger-icon-type=\"icon\" \n\t\t\tdata-responsive-breakpoint=\"767\">\n\t\t\t            <button class=\"elementskit-menu-hamburger elementskit-menu-toggler\"  type=\"button\" aria-label=\"hamburger-icon\">\n                <i aria-hidden=\"true\" class=\"ekit-menu-icon icon icon-menu-button-of-three-horizontal-lines\"><\/i>            <\/button>\n            <div id=\"ekit-megamenu-menu-box\" class=\"elementskit-menu-container elementskit-menu-offcanvas-elements elementskit-navbar-nav-default ekit-nav-menu-one-page-no ekit-nav-dropdown-hover\"><ul id=\"menu-menu-box\" class=\"elementskit-navbar-nav elementskit-menu-po-left submenu-click-on-icon\"><li id=\"menu-item-491\" class=\"menu-item menu-item-type-post_type menu-item-object-page menu-item-home menu-item-491 nav-item elementskit-mobile-builder-content\" data-vertical-menu=750px><a href=\"https:\/\/www.joecockerandfriends.at\/\" class=\"ekit-menu-nav-link\">HOME<\/a><\/li>\n<li id=\"menu-item-583\" class=\"menu-item menu-item-type-post_type menu-item-object-page menu-item-583 nav-item elementskit-mobile-builder-content\" data-vertical-menu=750px><a href=\"https:\/\/www.joecockerandfriends.at\/?page_id=581\" class=\"ekit-menu-nav-link\">SONGS<\/a><\/li>\n<li id=\"menu-item-632\" class=\"menu-item menu-item-type-post_type menu-item-object-page menu-item-632 nav-item elementskit-mobile-builder-content\" data-vertical-menu=750px><a href=\"https:\/\/www.joecockerandfriends.at\/?page_id=626\" class=\"ekit-menu-nav-link\">EVENTS<\/a><\/li>\n<li id=\"menu-item-401\" class=\"menu-item menu-item-type-post_type menu-item-object-page menu-item-401 nav-item elementskit-mobile-builder-content\" data-vertical-menu=750px><a href=\"https:\/\/www.joecockerandfriends.at\/?page_id=235\" class=\"ekit-menu-nav-link\">CONTACT<\/a><\/li>\n<li id=\"menu-item-633\" class=\"menu-item menu-item-type-post_type menu-item-object-page menu-item-633 nav-item elementskit-mobile-builder-content\" data-vertical-menu=750px><a href=\"https:\/\/www.joecockerandfriends.at\/?page_id=630\" class=\"ekit-menu-nav-link\">IMPRESSUM<\/a><\/li>\n<li id=\"menu-item-634\" class=\"menu-item menu-item-type-post_type menu-item-object-page menu-item-634 nav-item elementskit-mobile-builder-content\" data-vertical-menu=750px><a href=\"https:\/\/www.joecockerandfriends.at\/?page_id=628\" class=\"ekit-menu-nav-link\">AGB<\/a><\/li>\n<\/ul><div class=\"elementskit-nav-identity-panel\"><a class=\"elementskit-nav-logo\" href=\"https:\/\/www.joecockerandfriends.at\" target=\"\" rel=\"\"><img src=\"http:\/\/www.joecockerandfriends.at\/wp-content\/uploads\/2025\/02\/LOGO_CF_TRANSPARENT-1.webp\" title=\"LOGO_CF_TRANSPARENT\" alt=\"LOGO_CF_TRANSPARENT\" decoding=\"async\" \/><\/a><button class=\"elementskit-menu-close elementskit-menu-toggler\" type=\"button\">X<\/button><\/div><\/div>\t\t\t\n\t\t\t<div class=\"elementskit-menu-overlay elementskit-menu-offcanvas-elements elementskit-menu-toggler ekit-nav-menu--overlay\"><\/div>        <\/nav>\n\t\t\t\t\t\t<\/div>\n\t\t\t\t<\/div>\n\t\t\t\t<div class=\"elementor-element elementor-element-ecb37e8 elementor-widget elementor-widget-spacer\" data-id=\"ecb37e8\" data-element_type=\"widget\" data-widget_type=\"spacer.default\">\n\t\t\t\t<div class=\"elementor-widget-container\">\n\t\t\t\t\t\t\t<div class=\"elementor-spacer\">\n\t\t\t<div class=\"elementor-spacer-inner\"><\/div>\n\t\t<\/div>\n\t\t\t\t\t\t<\/div>\n\t\t\t\t<\/div>\n\t\t\t\t<div class=\"elementor-element elementor-element-ba1481e elementor-widget elementor-widget-image\" data-id=\"ba1481e\" data-element_type=\"widget\" data-widget_type=\"image.default\">\n\t\t\t\t<div class=\"elementor-widget-container\">\n\t\t\t\t\t\t\t\t\t\t\t\t\t\t\t\t<a href=\"http:\/\/www.joecockerandfriends.at\">\n\t\t\t\t\t\t\t<img decoding=\"async\" width=\"300\" height=\"163\" src=\"https:\/\/www.joecockerandfriends.at\/wp-content\/uploads\/2025\/02\/LOGO_CF_TRANSPARENT-1-300x163.webp\" class=\"attachment-medium size-medium wp-image-14\" alt=\"\" srcset=\"https:\/\/www.joecockerandfriends.at\/wp-content\/uploads\/2025\/02\/LOGO_CF_TRANSPARENT-1-300x163.webp 300w, https:\/\/www.joecockerandfriends.at\/wp-content\/uploads\/2025\/02\/LOGO_CF_TRANSPARENT-1-768x417.png 768w, https:\/\/www.joecockerandfriends.at\/wp-content\/uploads\/2025\/02\/LOGO_CF_TRANSPARENT-1.webp 1024w\" sizes=\"(max-width: 300px) 100vw, 300px\" \/>\t\t\t\t\t\t\t\t<\/a>\n\t\t\t\t\t\t\t\t\t\t\t\t\t\t\t<\/div>\n\t\t\t\t<\/div>\n\t\t\t\t<div class=\"elementor-element elementor-element-677a980 elementor-widget-divider--view-line_icon elementor-view-default elementor-widget-divider--element-align-center elementor-widget elementor-widget-divider\" data-id=\"677a980\" data-element_type=\"widget\" data-widget_type=\"divider.default\">\n\t\t\t\t<div class=\"elementor-widget-container\">\n\t\t\t\t\t\t\t<div class=\"elementor-divider\">\n\t\t\t<span class=\"elementor-divider-separator\">\n\t\t\t\t\t\t\t<div class=\"elementor-icon elementor-divider__element\">\n\t\t\t\t\t<i aria-hidden=\"true\" class=\"icon icon-contract\"><\/i><\/div>\n\t\t\t\t\t\t<\/span>\n\t\t<\/div>\n\t\t\t\t\t\t<\/div>\n\t\t\t\t<\/div>\n\t\t\t\t<div class=\"elementor-element elementor-element-ec56fc7 elementor-widget elementor-widget-spacer\" data-id=\"ec56fc7\" data-element_type=\"widget\" data-widget_type=\"spacer.default\">\n\t\t\t\t<div class=\"elementor-widget-container\">\n\t\t\t\t\t\t\t<div class=\"elementor-spacer\">\n\t\t\t<div class=\"elementor-spacer-inner\"><\/div>\n\t\t<\/div>\n\t\t\t\t\t\t<\/div>\n\t\t\t\t<\/div>\n\t\t\t\t<div class=\"elementor-element elementor-element-e7f4df1 elementor-widget__width-auto elementor-widget elementor-widget-heading\" data-id=\"e7f4df1\" data-element_type=\"widget\" data-widget_type=\"heading.default\">\n\t\t\t\t<div class=\"elementor-widget-container\">\n\t\t\t\t\t<h1 class=\"elementor-heading-title elementor-size-default\">AGB<\/h1>\t\t\t\t<\/div>\n\t\t\t\t<\/div>\n\t\t\t\t<div class=\"elementor-element elementor-element-a6f5f3f elementor-widget elementor-widget-spacer\" data-id=\"a6f5f3f\" data-element_type=\"widget\" data-widget_type=\"spacer.default\">\n\t\t\t\t<div class=\"elementor-widget-container\">\n\t\t\t\t\t\t\t<div class=\"elementor-spacer\">\n\t\t\t<div class=\"elementor-spacer-inner\"><\/div>\n\t\t<\/div>\n\t\t\t\t\t\t<\/div>\n\t\t\t\t<\/div>\n\t\t\t\t<div class=\"elementor-element elementor-element-c1d2447 elementor-widget elementor-widget-spacer\" data-id=\"c1d2447\" data-element_type=\"widget\" data-widget_type=\"spacer.default\">\n\t\t\t\t<div class=\"elementor-widget-container\">\n\t\t\t\t\t\t\t<div class=\"elementor-spacer\">\n\t\t\t<div class=\"elementor-spacer-inner\"><\/div>\n\t\t<\/div>\n\t\t\t\t\t\t<\/div>\n\t\t\t\t<\/div>\n\t\t\t\t<div class=\"elementor-element elementor-element-c7e76cf elementor-widget elementor-widget-text-editor\" data-id=\"c7e76cf\" data-element_type=\"widget\" data-widget_type=\"text-editor.default\">\n\t\t\t\t<div class=\"elementor-widget-container\">\n\t\t\t\t\t\t\t\t\t<h2 style=\"text-align: center;\">Allgemeine Gesch\u00e4ftsbedingungen f\u00fcr Buchungen der Band Joe Cocker &amp; Friends Tribute Band<\/h2><p>\u00a0<\/p><p><span style=\"color: #333333;\">Stand: 01.03.2025<\/span><\/p><p><span style=\"color: #333333;\"><strong>1. Engagement-Vertrag<\/strong><\/span><\/p><p><span style=\"color: #333333;\">Ein Engagement-Vertrag zwischen Joe Cocker &amp; Friends und einem Veranstalter kommt in schriftlicher Form (unterschriebener Vertrag\/Angebot per Post oder E-Mail bzw. auch Engagement durch ein formloses E-Mail) oder per m\u00fcndlicher Vereinbarung zu Stande.<\/span><\/p><p><span style=\"color: #333333;\"><strong>2. Bezahlung<\/strong><\/span><\/p><p><span style=\"color: #333333;\">Die vereinbarte K\u00fcnstlergage ist vom Veranstalter nach dem Auftritt prompt an Joe Cocker &amp; Friends in bar auszubezahlen. F\u00fcr die Bezahlung per \u00dcberweisung bedarf es einer ausdr\u00fccklichen Vereinbarung. Wurde zwischen Joe Cocker &amp; Friends und dem Veranstalter eine Bezahlung per \u00dcberweisung vereinbart, so muss der volle Betrag sp\u00e4testens 14 Tage ab Rechnungsdatum auf dem Konto von dem Band eingelangt sein.<\/span><\/p><p><span style=\"color: #333333;\"><strong>3. Technische Anforderungen<\/strong><\/span><\/p><p><span style=\"color: #333333;\">Die komplette Ton- und Lichtanlage inklusive Transport, Auf- und Abbau wird von der Band gestellt. F\u00fcr den Auftritt sind vom Veranstalter die nachstehend angef\u00fchrten Vorkehrungen zu treffen.<\/span><\/p><p><span style=\"color: #333333;\">Strom: Der Stromanschluss muss direkt auf der B\u00fchne montiert sein. Die Zuleitung muss den strom-und sicherheitstechnischen Vorschriften entsprechen. An dem Stromanschluss d\u00fcrfen keine anderen Ger\u00e4te betrieben werden. F\u00fcr etwaigen Stromausfall und damit verbundener Auftrittsunterbrechung bzw. \u2013beendigung ist der Veranstalter, ohne R\u00fccksicht auf eventuelle Verschuldensfragen, verantwortlich. Die Band erh\u00e4lt in jedem Fall die volle Gage.<\/span><\/p><p><span style=\"color: #333333;\">ANFORDERUNG: mind. 1x, ideal 2x 220V 16A, getrennte Stromkreis<\/span><\/p><p><span style=\"color: #333333;\">B\u00fchnengr\u00f6\u00dfe: mind.5\u00d73 Meter im Trio, mind. 6\u00d74 Meter im Quartett, oder nach R\u00fccksprache.<\/span><\/p><p><span style=\"color: #333333;\">B\u00fchnenanforderung: eben, in der Waage und stabil (kein Anh\u00e4nger). Bei einem Freiluftauftritt muss die B\u00fchne wetterfest gesch\u00fctzt sein. F\u00fcr allf\u00e4llige verursachte Sch\u00e4den (bei ungen\u00fcgendem Schutz) an Instrumenten, Equipment sowie Mitgliedern der Band haftet der Veranstalter.<\/span><\/p><p><span style=\"color: #333333;\"><strong>4. Verpflegung<\/strong><\/span><\/p><p><span style=\"color: #333333;\">Der Veranstalter stellt den Musikern w\u00e4hrend des Aufbaus und f\u00fcr die Dauer der Veranstaltung Getr\u00e4nke nach freier Wahl (exklusive Spirituosen) und mindestens eine warme Mahlzeit pro Person zur Verf\u00fcgung.<\/span><\/p><p><span style=\"color: #333333;\"><strong>5. Abgaben\/Beh\u00f6rden<\/strong><\/span><\/p><p><span style=\"color: #333333;\">S\u00e4mtliche Steuern (sofern es sich nicht um pers\u00f6nliche Steuern von Joe Cocker &amp; Friends handelt), Geb\u00fchren und Abgaben wie AKM, Lustbarkeit, etc. gehen ausschlie\u00dflich zu Lasten des Veranstalters (Hochzeiten und private Veranstaltungen bedingen keinen Musikschutz durch AKM). Der Veranstalter ist im Sinne des \u00f6sterreichischen Veranstaltungsgesetztes f\u00fcr alle beh\u00f6rdlichen Anmeldungen und Auflagen haftbar.<\/span><\/p><p><span style=\"color: #333333;\"><strong>6. Spielzeit \/ Auff\u00fchrungsdauer<\/strong><\/span><\/p><p><span style=\"color: #333333;\">Als Auff\u00fchrungsdauer ist die Zeit zwischen vertraglich vereinbarter Beginn- und Endzeit zu verstehen. Die Band h\u00e4lt sich w\u00e4hrend der gesamten Auff\u00fchrungsdauer spielbereit vor Ort auf. Die Band spielt in Intervallen von ca. 50 Minuten Spielzeit \/ 10 Minuten Pause. Die Dauer der Mitternachtspause betr\u00e4gt bei einer Veranstaltungsdauer von 5 oder 6 Stunden und l\u00e4nger mind. 30 Minuten. Diese Zeiten k\u00f6nnen im Bedarfsfall in beidseitigem Einvernehmen vor und w\u00e4hrend der Veranstaltung ge\u00e4ndert werden.<\/span><\/p><p><span style=\"color: #333333;\">Eine Unterbrechung oder Verz\u00f6gerung der Auff\u00fchrung seitens des Veranstalters (Umbaupausen, Ansprachen, Einlagen, etc.) f\u00fchrt in keinem Fall zur Verl\u00e4ngerung der Auff\u00fchrungsdauer. Beginn- und Endzeit bleiben hiervon unber\u00fchrt. Sollte seitens des Veranstalters kurzfristig ein fr\u00fcherer Beginn gew\u00fcnscht werden, so endet auch die Auff\u00fchrungsdauer dementsprechend fr\u00fcher. Das vorzeitige Beenden der Auff\u00fchrung seitens des Veranstalters f\u00fchrt in keinem Fall zu einer Minderung der vereinbarten Gage.<\/span><\/p><p><span style=\"color: #333333;\">Wird vom Veranstalter eine Verl\u00e4ngerung der Auff\u00fchrungsdauer \u00fcber die vereinbarte Endzeit hinaus gew\u00fcnscht, so wird diese mit dem vereinbarten Stundensatz f\u00fcr die Verl\u00e4ngerung verrechnet (Abrechnung pro angefangener halben Stunde).<\/span><\/p><p><span style=\"color: #333333;\"><strong>7. Quartier<\/strong><\/span><\/p><p><span style=\"color: #333333;\">Der Bedarf einer \u00dcbernachtungsm\u00f6glichkeit f\u00fcr die Musiker wird von Joe Cocker &amp; Friends vorab bekanntgegeben und vertraglich mit dem Veranstalter vereinbart. Joe Cocker &amp; Friends teilt dem Veranstalter die Anzahl der ben\u00f6tigten Betten vorab mit. Grunds\u00e4tzlich ist pro Person ein Einzelzimmer zu buchen. Der Veranstalter organisiert Zimmer- bzw. Hotelschl\u00fcssel und h\u00e4ndigt diese vor Auftrittsbeginn an Joe Cocker &amp; Friends aus. Folgende Kriterien hinsichtlich des Quartiers sind einzuhalten: beheizt, trocken, sauber, Sanit\u00e4ranlagen (WC, Bad\/Dusche), Handt\u00fccher und Bettzeug mit Bezug im Zimmer vorhanden. Die Fahrzeit vom Auftrittsort zum Quartier betr\u00e4gt maximal 10 Autominuten. Mehrbettzimmer, Notquartiere, Notbetten oder Sanit\u00e4ranlagen au\u00dferhalb des Zimmers werden nicht akzeptiert. Bei grober Nichterf\u00fcllung der genannten Kriterien steht es Joe Cocker &amp; Friends frei ein anderes ad\u00e4quates Quartier aufzusuchen. Die Kosten daf\u00fcr tr\u00e4gt in jedem Fall der Veranstalter.<\/span><\/p><p><span style=\"color: #333333;\"><strong>8. Vertragsaufl\u00f6sung<\/strong><\/span><\/p><p><span style=\"color: #333333;\">Der Engagement-Vertrag ist bindend und kann beiderseits nur durch h\u00f6here Gewalt (z.B. schwere Krankheit, Unfall, Todesfall, etc.) gel\u00f6st werden, wobei keine Partei schadenersatzpflichtig ist. Der Veranstalter hat das Recht den Engagement-Vertrag zu stornieren. Bei Stornierung bis zu vier Wochen vor dem Veranstaltungstag hat der Veranstalter eine Geb\u00fchr in der H\u00f6he von 50% der vereinbarten Gage zu leisten. Danach ist der volle Betrag f\u00e4llig. Eine \u00c4nderung der Bandbesetzung der Musikgruppe (z.B. Einsatz eines Substituten bei Erkrankung eines Bandmitgliedes, Rundfunkauftritt, etc.) hat keine Auswirkung auf die G\u00fcltigkeit des Vertrages.<\/span><\/p><p><span style=\"color: #333333;\"><strong>9. Gerichtsstand und Schlussbestimmungen<\/strong><\/span><\/p><p><span style=\"color: #333333;\">Gerichtsstand 3500 Krems. Es gilt ausnahmslos \u00f6sterreichisches Recht. Diese AGB gelten in dieser Fassung bis auf Widerruf und bei Vertragsabschluss zwischen Joe Cocker &amp; Friends und dem Veranstalter als ausdr\u00fccklich anerkannt.<\/span><\/p>\t\t\t\t\t\t\t\t<\/div>\n\t\t\t\t<\/div>\n\t\t\t\t<div class=\"elementor-element elementor-element-97f5381 elementor-shape-rounded elementor-grid-0 e-grid-align-center elementor-widget elementor-widget-social-icons\" data-id=\"97f5381\" data-element_type=\"widget\" data-widget_type=\"social-icons.default\">\n\t\t\t\t<div class=\"elementor-widget-container\">\n\t\t\t\t\t\t\t<div class=\"elementor-social-icons-wrapper elementor-grid\">\n\t\t\t\t\t\t\t<span class=\"elementor-grid-item\">\n\t\t\t\t\t<a class=\"elementor-icon elementor-social-icon elementor-social-icon-facebook elementor-animation-grow elementor-repeater-item-6b00150\" target=\"_blank\">\n\t\t\t\t\t\t<span class=\"elementor-screen-only\">Facebook<\/span>\n\t\t\t\t\t\t<svg class=\"e-font-icon-svg e-fab-facebook\" viewBox=\"0 0 512 512\" xmlns=\"http:\/\/www.w3.org\/2000\/svg\"><path d=\"M504 256C504 119 393 8 256 8S8 119 8 256c0 123.78 90.69 226.38 209.25 245V327.69h-63V256h63v-54.64c0-62.15 37-96.48 93.67-96.48 27.14 0 55.52 4.84 55.52 4.84v61h-31.28c-30.8 0-40.41 19.12-40.41 38.73V256h68.78l-11 71.69h-57.78V501C413.31 482.38 504 379.78 504 256z\"><\/path><\/svg>\t\t\t\t\t<\/a>\n\t\t\t\t<\/span>\n\t\t\t\t\t\t\t<span class=\"elementor-grid-item\">\n\t\t\t\t\t<a class=\"elementor-icon elementor-social-icon elementor-social-icon-youtube elementor-animation-grow elementor-repeater-item-d6951fd\" target=\"_blank\">\n\t\t\t\t\t\t<span class=\"elementor-screen-only\">Youtube<\/span>\n\t\t\t\t\t\t<svg class=\"e-font-icon-svg e-fab-youtube\" viewBox=\"0 0 576 512\" xmlns=\"http:\/\/www.w3.org\/2000\/svg\"><path d=\"M549.655 124.083c-6.281-23.65-24.787-42.276-48.284-48.597C458.781 64 288 64 288 64S117.22 64 74.629 75.486c-23.497 6.322-42.003 24.947-48.284 48.597-11.412 42.867-11.412 132.305-11.412 132.305s0 89.438 11.412 132.305c6.281 23.65 24.787 41.5 48.284 47.821C117.22 448 288 448 288 448s170.78 0 213.371-11.486c23.497-6.321 42.003-24.171 48.284-47.821 11.412-42.867 11.412-132.305 11.412-132.305s0-89.438-11.412-132.305zm-317.51 213.508V175.185l142.739 81.205-142.739 81.201z\"><\/path><\/svg>\t\t\t\t\t<\/a>\n\t\t\t\t<\/span>\n\t\t\t\t\t\t\t<span class=\"elementor-grid-item\">\n\t\t\t\t\t<a class=\"elementor-icon elementor-social-icon elementor-social-icon-instagram elementor-animation-grow elementor-repeater-item-b515c68\" target=\"_blank\">\n\t\t\t\t\t\t<span class=\"elementor-screen-only\">Instagram<\/span>\n\t\t\t\t\t\t<svg class=\"e-font-icon-svg e-fab-instagram\" viewBox=\"0 0 448 512\" xmlns=\"http:\/\/www.w3.org\/2000\/svg\"><path d=\"M224.1 141c-63.6 0-114.9 51.3-114.9 114.9s51.3 114.9 114.9 114.9S339 319.5 339 255.9 287.7 141 224.1 141zm0 189.6c-41.1 0-74.7-33.5-74.7-74.7s33.5-74.7 74.7-74.7 74.7 33.5 74.7 74.7-33.6 74.7-74.7 74.7zm146.4-194.3c0 14.9-12 26.8-26.8 26.8-14.9 0-26.8-12-26.8-26.8s12-26.8 26.8-26.8 26.8 12 26.8 26.8zm76.1 27.2c-1.7-35.9-9.9-67.7-36.2-93.9-26.2-26.2-58-34.4-93.9-36.2-37-2.1-147.9-2.1-184.9 0-35.8 1.7-67.6 9.9-93.9 36.1s-34.4 58-36.2 93.9c-2.1 37-2.1 147.9 0 184.9 1.7 35.9 9.9 67.7 36.2 93.9s58 34.4 93.9 36.2c37 2.1 147.9 2.1 184.9 0 35.9-1.7 67.7-9.9 93.9-36.2 26.2-26.2 34.4-58 36.2-93.9 2.1-37 2.1-147.8 0-184.8zM398.8 388c-7.8 19.6-22.9 34.7-42.6 42.6-29.5 11.7-99.5 9-132.1 9s-102.7 2.6-132.1-9c-19.6-7.8-34.7-22.9-42.6-42.6-11.7-29.5-9-99.5-9-132.1s-2.6-102.7 9-132.1c7.8-19.6 22.9-34.7 42.6-42.6 29.5-11.7 99.5-9 132.1-9s102.7-2.6 132.1 9c19.6 7.8 34.7 22.9 42.6 42.6 11.7 29.5 9 99.5 9 132.1s2.7 102.7-9 132.1z\"><\/path><\/svg>\t\t\t\t\t<\/a>\n\t\t\t\t<\/span>\n\t\t\t\t\t\t\t<span class=\"elementor-grid-item\">\n\t\t\t\t\t<a class=\"elementor-icon elementor-social-icon elementor-social-icon-soundcloud elementor-animation-grow elementor-repeater-item-5d8856c\" target=\"_blank\">\n\t\t\t\t\t\t<span class=\"elementor-screen-only\">Soundcloud<\/span>\n\t\t\t\t\t\t<svg class=\"e-font-icon-svg e-fab-soundcloud\" viewBox=\"0 0 640 512\" xmlns=\"http:\/\/www.w3.org\/2000\/svg\"><path d=\"M111.4 256.3l5.8 65-5.8 68.3c-.3 2.5-2.2 4.4-4.4 4.4s-4.2-1.9-4.2-4.4l-5.6-68.3 5.6-65c0-2.2 1.9-4.2 4.2-4.2 2.2 0 4.1 2 4.4 4.2zm21.4-45.6c-2.8 0-4.7 2.2-5 5l-5 105.6 5 68.3c.3 2.8 2.2 5 5 5 2.5 0 4.7-2.2 4.7-5l5.8-68.3-5.8-105.6c0-2.8-2.2-5-4.7-5zm25.5-24.1c-3.1 0-5.3 2.2-5.6 5.3l-4.4 130 4.4 67.8c.3 3.1 2.5 5.3 5.6 5.3 2.8 0 5.3-2.2 5.3-5.3l5.3-67.8-5.3-130c0-3.1-2.5-5.3-5.3-5.3zM7.2 283.2c-1.4 0-2.2 1.1-2.5 2.5L0 321.3l4.7 35c.3 1.4 1.1 2.5 2.5 2.5s2.2-1.1 2.5-2.5l5.6-35-5.6-35.6c-.3-1.4-1.1-2.5-2.5-2.5zm23.6-21.9c-1.4 0-2.5 1.1-2.5 2.5l-6.4 57.5 6.4 56.1c0 1.7 1.1 2.8 2.5 2.8s2.5-1.1 2.8-2.5l7.2-56.4-7.2-57.5c-.3-1.4-1.4-2.5-2.8-2.5zm25.3-11.4c-1.7 0-3.1 1.4-3.3 3.3L47 321.3l5.8 65.8c.3 1.7 1.7 3.1 3.3 3.1 1.7 0 3.1-1.4 3.1-3.1l6.9-65.8-6.9-68.1c0-1.9-1.4-3.3-3.1-3.3zm25.3-2.2c-1.9 0-3.6 1.4-3.6 3.6l-5.8 70 5.8 67.8c0 2.2 1.7 3.6 3.6 3.6s3.6-1.4 3.9-3.6l6.4-67.8-6.4-70c-.3-2.2-2-3.6-3.9-3.6zm241.4-110.9c-1.1-.8-2.8-1.4-4.2-1.4-2.2 0-4.2.8-5.6 1.9-1.9 1.7-3.1 4.2-3.3 6.7v.8l-3.3 176.7 1.7 32.5 1.7 31.7c.3 4.7 4.2 8.6 8.9 8.6s8.6-3.9 8.6-8.6l3.9-64.2-3.9-177.5c-.4-3-2-5.8-4.5-7.2zm-26.7 15.3c-1.4-.8-2.8-1.4-4.4-1.4s-3.1.6-4.4 1.4c-2.2 1.4-3.6 3.9-3.6 6.7l-.3 1.7-2.8 160.8s0 .3 3.1 65.6v.3c0 1.7.6 3.3 1.7 4.7 1.7 1.9 3.9 3.1 6.4 3.1 2.2 0 4.2-1.1 5.6-2.5 1.7-1.4 2.5-3.3 2.5-5.6l.3-6.7 3.1-58.6-3.3-162.8c-.3-2.8-1.7-5.3-3.9-6.7zm-111.4 22.5c-3.1 0-5.8 2.8-5.8 6.1l-4.4 140.6 4.4 67.2c.3 3.3 2.8 5.8 5.8 5.8 3.3 0 5.8-2.5 6.1-5.8l5-67.2-5-140.6c-.2-3.3-2.7-6.1-6.1-6.1zm376.7 62.8c-10.8 0-21.1 2.2-30.6 6.1-6.4-70.8-65.8-126.4-138.3-126.4-17.8 0-35 3.3-50.3 9.4-6.1 2.2-7.8 4.4-7.8 9.2v249.7c0 5 3.9 8.6 8.6 9.2h218.3c43.3 0 78.6-35 78.6-78.3.1-43.6-35.2-78.9-78.5-78.9zm-296.7-60.3c-4.2 0-7.5 3.3-7.8 7.8l-3.3 136.7 3.3 65.6c.3 4.2 3.6 7.5 7.8 7.5 4.2 0 7.5-3.3 7.5-7.5l3.9-65.6-3.9-136.7c-.3-4.5-3.3-7.8-7.5-7.8zm-53.6-7.8c-3.3 0-6.4 3.1-6.4 6.7l-3.9 145.3 3.9 66.9c.3 3.6 3.1 6.4 6.4 6.4 3.6 0 6.4-2.8 6.7-6.4l4.4-66.9-4.4-145.3c-.3-3.6-3.1-6.7-6.7-6.7zm26.7 3.4c-3.9 0-6.9 3.1-6.9 6.9L227 321.3l3.9 66.4c.3 3.9 3.1 6.9 6.9 6.9s6.9-3.1 6.9-6.9l4.2-66.4-4.2-141.7c0-3.9-3-6.9-6.9-6.9z\"><\/path><\/svg>\t\t\t\t\t<\/a>\n\t\t\t\t<\/span>\n\t\t\t\t\t<\/div>\n\t\t\t\t\t\t<\/div>\n\t\t\t\t<\/div>\n\t\t\t\t\t<\/div>\n\t\t\t\t<\/div>\n\t\t\t\t<\/div>\n\t\t","protected":false},"excerpt":{"rendered":"<p>HOME DIE BAND SONGS VIDEO FOTOS EVENTS CONTACT IMPRESSUM AGB X AGB Allgemeine Gesch\u00e4ftsbedingungen f\u00fcr Buchungen der Band Joe Cocker &amp; Friends Tribute Band \u00a0 Stand: 01.03.2025 1. Engagement-Vertrag Ein<a href=\"https:\/\/www.joecockerandfriends.at\/?page_id=628\" class=\"more-link\"><span class=\"readmore\">Continue reading<span class=\"screen-reader-text\">AGB<\/span><\/span><\/a><\/p>\n","protected":false},"author":1,"featured_media":0,"parent":0,"menu_order":0,"comment_status":"closed","ping_status":"closed","template":"","meta":{"_eb_attr":"","footnotes":""},"class_list":["post-628","page","type-page","status-publish","hentry"],"_links":{"self":[{"href":"https:\/\/www.joecockerandfriends.at\/index.php?rest_route=\/wp\/v2\/pages\/628","targetHints":{"allow":["GET"]}}],"collection":[{"href":"https:\/\/www.joecockerandfriends.at\/index.php?rest_route=\/wp\/v2\/pages"}],"about":[{"href":"https:\/\/www.joecockerandfriends.at\/index.php?rest_route=\/wp\/v2\/types\/page"}],"author":[{"embeddable":true,"href":"https:\/\/www.joecockerandfriends.at\/index.php?rest_route=\/wp\/v2\/users\/1"}],"replies":[{"embeddable":true,"href":"https:\/\/www.joecockerandfriends.at\/index.php?rest_route=%2Fwp%2Fv2%2Fcomments&post=628"}],"version-history":[{"count":15,"href":"https:\/\/www.joecockerandfriends.at\/index.php?rest_route=\/wp\/v2\/pages\/628\/revisions"}],"predecessor-version":[{"id":2096,"href":"https:\/\/www.joecockerandfriends.at\/index.php?rest_route=\/wp\/v2\/pages\/628\/revisions\/2096"}],"wp:attachment":[{"href":"https:\/\/www.joecockerandfriends.at\/index.php?rest_route=%2Fwp%2Fv2%2Fmedia&parent=628"}],"curies":[{"name":"wp","href":"https:\/\/api.w.org\/{rel}","templated":true}]}}