{"id":235,"date":"2025-02-09T15:33:10","date_gmt":"2025-02-09T15:33:10","guid":{"rendered":"http:\/\/www.joecockerandfriends.at\/?page_id=235"},"modified":"2025-03-04T14:19:10","modified_gmt":"2025-03-04T13:19:10","slug":"contact","status":"publish","type":"page","link":"https:\/\/www.joecockerandfriends.at\/?page_id=235","title":{"rendered":"CONTACT"},"content":{"rendered":"\t\t<div data-elementor-type=\"wp-page\" data-elementor-id=\"235\" class=\"elementor elementor-235\">\n\t\t\t\t<div class=\"elementor-element elementor-element-7e3d6385 e-flex e-con-boxed e-con e-parent\" data-id=\"7e3d6385\" data-element_type=\"container\">\n\t\t\t\t\t<div class=\"e-con-inner\">\n\t\t\t\t<div class=\"elementor-element elementor-element-27c61ae elementor-widget elementor-widget-ekit-nav-menu\" data-id=\"27c61ae\" data-element_type=\"widget\" data-widget_type=\"ekit-nav-menu.default\">\n\t\t\t\t<div class=\"elementor-widget-container\">\n\t\t\t\t\t\t\t<nav class=\"ekit-wid-con ekit_menu_responsive_mobile\" \n\t\t\tdata-hamburger-icon=\"icon icon-menu-button-of-three-horizontal-lines\" \n\t\t\tdata-hamburger-icon-type=\"icon\" \n\t\t\tdata-responsive-breakpoint=\"767\">\n\t\t\t            <button class=\"elementskit-menu-hamburger elementskit-menu-toggler\"  type=\"button\" aria-label=\"hamburger-icon\">\n                <i aria-hidden=\"true\" class=\"ekit-menu-icon icon icon-menu-button-of-three-horizontal-lines\"><\/i>            <\/button>\n            <div id=\"ekit-megamenu-menu-box\" class=\"elementskit-menu-container elementskit-menu-offcanvas-elements elementskit-navbar-nav-default ekit-nav-menu-one-page-no ekit-nav-dropdown-hover\"><ul id=\"menu-menu-box\" class=\"elementskit-navbar-nav elementskit-menu-po-left submenu-click-on-icon\"><li id=\"menu-item-491\" class=\"menu-item menu-item-type-post_type menu-item-object-page menu-item-home menu-item-491 nav-item elementskit-mobile-builder-content\" data-vertical-menu=750px><a href=\"https:\/\/www.joecockerandfriends.at\/\" class=\"ekit-menu-nav-link\">HOME<\/a><\/li>\n<li id=\"menu-item-583\" class=\"menu-item menu-item-type-post_type menu-item-object-page menu-item-583 nav-item elementskit-mobile-builder-content\" data-vertical-menu=750px><a href=\"https:\/\/www.joecockerandfriends.at\/?page_id=581\" class=\"ekit-menu-nav-link\">SONGS<\/a><\/li>\n<li id=\"menu-item-632\" class=\"menu-item menu-item-type-post_type menu-item-object-page menu-item-632 nav-item elementskit-mobile-builder-content\" data-vertical-menu=750px><a href=\"https:\/\/www.joecockerandfriends.at\/?page_id=626\" class=\"ekit-menu-nav-link\">EVENTS<\/a><\/li>\n<li id=\"menu-item-401\" class=\"menu-item menu-item-type-post_type menu-item-object-page menu-item-401 nav-item elementskit-mobile-builder-content\" data-vertical-menu=750px><a href=\"https:\/\/www.joecockerandfriends.at\/?page_id=235\" class=\"ekit-menu-nav-link\">CONTACT<\/a><\/li>\n<li id=\"menu-item-633\" class=\"menu-item menu-item-type-post_type menu-item-object-page menu-item-633 nav-item elementskit-mobile-builder-content\" data-vertical-menu=750px><a href=\"https:\/\/www.joecockerandfriends.at\/?page_id=630\" class=\"ekit-menu-nav-link\">IMPRESSUM<\/a><\/li>\n<li id=\"menu-item-634\" class=\"menu-item menu-item-type-post_type menu-item-object-page menu-item-634 nav-item elementskit-mobile-builder-content\" data-vertical-menu=750px><a href=\"https:\/\/www.joecockerandfriends.at\/?page_id=628\" class=\"ekit-menu-nav-link\">AGB<\/a><\/li>\n<\/ul><div class=\"elementskit-nav-identity-panel\"><a class=\"elementskit-nav-logo\" href=\"https:\/\/www.joecockerandfriends.at\" target=\"\" rel=\"\"><img src=\"http:\/\/www.joecockerandfriends.at\/wp-content\/uploads\/2025\/02\/LOGO_CF_TRANSPARENT-1.webp\" title=\"LOGO_CF_TRANSPARENT\" alt=\"LOGO_CF_TRANSPARENT\" decoding=\"async\" \/><\/a><button class=\"elementskit-menu-close elementskit-menu-toggler\" type=\"button\">X<\/button><\/div><\/div>\t\t\t\n\t\t\t<div class=\"elementskit-menu-overlay elementskit-menu-offcanvas-elements elementskit-menu-toggler ekit-nav-menu--overlay\"><\/div>        <\/nav>\n\t\t\t\t\t\t<\/div>\n\t\t\t\t<\/div>\n\t\t\t\t<div class=\"elementor-element elementor-element-cee222d elementor-widget elementor-widget-spacer\" data-id=\"cee222d\" data-element_type=\"widget\" data-widget_type=\"spacer.default\">\n\t\t\t\t<div class=\"elementor-widget-container\">\n\t\t\t\t\t\t\t<div class=\"elementor-spacer\">\n\t\t\t<div class=\"elementor-spacer-inner\"><\/div>\n\t\t<\/div>\n\t\t\t\t\t\t<\/div>\n\t\t\t\t<\/div>\n\t\t\t\t<div class=\"elementor-element elementor-element-bcf75d8 elementor-widget elementor-widget-image\" data-id=\"bcf75d8\" data-element_type=\"widget\" data-widget_type=\"image.default\">\n\t\t\t\t<div class=\"elementor-widget-container\">\n\t\t\t\t\t\t\t\t\t\t\t\t\t\t\t\t<a href=\"http:\/\/www.joecockerandfriends.at\">\n\t\t\t\t\t\t\t<img decoding=\"async\" width=\"300\" height=\"163\" src=\"https:\/\/www.joecockerandfriends.at\/wp-content\/uploads\/2025\/02\/LOGO_CF_TRANSPARENT-1-300x163.webp\" class=\"attachment-medium size-medium wp-image-14\" alt=\"\" srcset=\"https:\/\/www.joecockerandfriends.at\/wp-content\/uploads\/2025\/02\/LOGO_CF_TRANSPARENT-1-300x163.webp 300w, https:\/\/www.joecockerandfriends.at\/wp-content\/uploads\/2025\/02\/LOGO_CF_TRANSPARENT-1-768x417.png 768w, https:\/\/www.joecockerandfriends.at\/wp-content\/uploads\/2025\/02\/LOGO_CF_TRANSPARENT-1.webp 1024w\" sizes=\"(max-width: 300px) 100vw, 300px\" \/>\t\t\t\t\t\t\t\t<\/a>\n\t\t\t\t\t\t\t\t\t\t\t\t\t\t\t<\/div>\n\t\t\t\t<\/div>\n\t\t\t\t<div class=\"elementor-element elementor-element-d011fb4 elementor-widget-divider--view-line_icon elementor-view-default elementor-widget-divider--element-align-center elementor-widget elementor-widget-divider\" data-id=\"d011fb4\" data-element_type=\"widget\" data-widget_type=\"divider.default\">\n\t\t\t\t<div class=\"elementor-widget-container\">\n\t\t\t\t\t\t\t<div class=\"elementor-divider\">\n\t\t\t<span class=\"elementor-divider-separator\">\n\t\t\t\t\t\t\t<div class=\"elementor-icon elementor-divider__element\">\n\t\t\t\t\t<i aria-hidden=\"true\" class=\"icon icon-mail\"><\/i><\/div>\n\t\t\t\t\t\t<\/span>\n\t\t<\/div>\n\t\t\t\t\t\t<\/div>\n\t\t\t\t<\/div>\n\t\t\t\t<div class=\"elementor-element elementor-element-024ac96 elementor-widget elementor-widget-spacer\" data-id=\"024ac96\" data-element_type=\"widget\" data-widget_type=\"spacer.default\">\n\t\t\t\t<div class=\"elementor-widget-container\">\n\t\t\t\t\t\t\t<div class=\"elementor-spacer\">\n\t\t\t<div class=\"elementor-spacer-inner\"><\/div>\n\t\t<\/div>\n\t\t\t\t\t\t<\/div>\n\t\t\t\t<\/div>\n\t\t\t\t<div class=\"elementor-element elementor-element-7459066 elementor-widget__width-auto elementor-widget elementor-widget-heading\" data-id=\"7459066\" data-element_type=\"widget\" data-widget_type=\"heading.default\">\n\t\t\t\t<div class=\"elementor-widget-container\">\n\t\t\t\t\t<h1 class=\"elementor-heading-title elementor-size-default\">Kontakt<\/h1>\t\t\t\t<\/div>\n\t\t\t\t<\/div>\n\t\t\t\t<div class=\"elementor-element elementor-element-a50b670 elementor-widget elementor-widget-spacer\" data-id=\"a50b670\" data-element_type=\"widget\" data-widget_type=\"spacer.default\">\n\t\t\t\t<div class=\"elementor-widget-container\">\n\t\t\t\t\t\t\t<div class=\"elementor-spacer\">\n\t\t\t<div class=\"elementor-spacer-inner\"><\/div>\n\t\t<\/div>\n\t\t\t\t\t\t<\/div>\n\t\t\t\t<\/div>\n\t\t\t\t<div class=\"elementor-element elementor-element-2710609 elementor-widget elementor-widget-heading\" data-id=\"2710609\" data-element_type=\"widget\" data-widget_type=\"heading.default\">\n\t\t\t\t<div class=\"elementor-widget-container\">\n\t\t\t\t\t<h2 class=\"elementor-heading-title elementor-size-default\">Treten Sie mit uns in Kontakt \u2013 Wir freuen uns auf Ihre Fragen, Anfragen und Feedback!<\/h2>\t\t\t\t<\/div>\n\t\t\t\t<\/div>\n\t\t\t\t\t<\/div>\n\t\t\t\t<\/div>\n\t\t<div class=\"elementor-element elementor-element-3043f98 e-flex e-con-boxed e-con e-parent\" data-id=\"3043f98\" data-element_type=\"container\">\n\t\t\t\t\t<div class=\"e-con-inner\">\n\t\t\t\t<div class=\"elementor-element elementor-element-c10073a elementor-widget elementor-widget-heading\" data-id=\"c10073a\" data-element_type=\"widget\" data-widget_type=\"heading.default\">\n\t\t\t\t<div class=\"elementor-widget-container\">\n\t\t\t\t\t<h2 class=\"elementor-heading-title elementor-size-default\">Gerne senden wir Ihnen ein unverbindliches Angebot f\u00fcr Ihre Veranstaltung. Gerne k\u00f6nnen Sie uns telefonisch unter +43664 101 57 47 kontaktieren. Wir werden uns so bald wie m\u00f6glich mit Ihnen in Verbindung setzen:<\/h2>\t\t\t\t<\/div>\n\t\t\t\t<\/div>\n\t\t\t\t<div class=\"elementor-element elementor-element-0bd9bbb elementor-widget elementor-widget-wpforms\" data-id=\"0bd9bbb\" data-element_type=\"widget\" data-widget_type=\"wpforms.default\">\n\t\t\t\t<div class=\"elementor-widget-container\">\n\t\t\t\t\t<style id=\"wpforms-css-vars-elementor-widget-0bd9bbb\">\n\t\t\t\t.elementor-widget-wpforms.elementor-element-0bd9bbb {\n\t\t\t\t--wpforms-button-background-color: #704214;\n--wpforms-field-background-color: #F5F5DC;\n--wpforms-field-border-color: #7A7A7A;\n--wpforms-field-border-color-spare: #7A7A7A;\n--wpforms-field-text-color: #704214;\n--wpforms-label-color: #54595F;\n--wpforms-label-sublabel-color: #A7C5C5;\n--wpforms-button-text-color: #FAFAED;\n--wpforms-field-size-input-height: 50px;\n--wpforms-field-size-input-spacing: 20px;\n--wpforms-field-size-font-size: 18px;\n--wpforms-field-size-line-height: 21px;\n--wpforms-field-size-padding-h: 14px;\n--wpforms-field-size-checkbox-size: 18px;\n--wpforms-field-size-sublabel-spacing: 10px;\n--wpforms-field-size-icon-size: 1.25;\n--wpforms-label-size-font-size: 16px;\n--wpforms-label-size-line-height: 19px;\n--wpforms-label-size-sublabel-font-size: 14px;\n--wpforms-label-size-sublabel-line-height: 17px;\n--wpforms-button-size-font-size: 17px;\n--wpforms-button-size-height: 41px;\n--wpforms-button-size-padding-h: 15px;\n--wpforms-button-size-margin-top: 10px;\n\n\t\t\t}\n\t\t\t<\/style><div class=\"wpforms-container wpforms-container-full wpforms-render-modern\" id=\"wpforms-231\"><form id=\"wpforms-form-231\" class=\"wpforms-validate wpforms-form wpforms-ajax-form\" data-formid=\"231\" method=\"post\" enctype=\"multipart\/form-data\" action=\"\/index.php?rest_route=%2Fwp%2Fv2%2Fpages%2F235\" data-token=\"fd7e167b7043a33646873206b2840d81\" data-token-time=\"1775567322\"><noscript class=\"wpforms-error-noscript\">Please enable JavaScript in your browser to complete this form.<\/noscript><div class=\"wpforms-hidden\" id=\"wpforms-error-noscript\">Please enable JavaScript in your browser to complete this form.<\/div><div class=\"wpforms-field-container\"><div id=\"wpforms-231-field_1-container\" class=\"wpforms-field wpforms-field-name\" data-field-id=\"1\"><fieldset><legend class=\"wpforms-field-label\">Dein Name <span class=\"wpforms-required-label\" aria-hidden=\"true\">*<\/span><\/legend><div class=\"wpforms-field-row wpforms-field-large\"><div class=\"wpforms-field-row-block wpforms-first wpforms-one-half\"><input type=\"text\" id=\"wpforms-231-field_1\" class=\"wpforms-field-name-first wpforms-field-required\" name=\"wpforms[fields][1][first]\" placeholder=\"Vorname\" aria-errormessage=\"wpforms-231-field_1-error\" required><label for=\"wpforms-231-field_1\" class=\"wpforms-field-sublabel after wpforms-sublabel-hide\">First<\/label><\/div><div class=\"wpforms-field-row-block wpforms-one-half\"><input type=\"text\" id=\"wpforms-231-field_1-last\" class=\"wpforms-field-name-last wpforms-field-required\" name=\"wpforms[fields][1][last]\" placeholder=\"Nachname\" aria-errormessage=\"wpforms-231-field_1-last-error\" required><label for=\"wpforms-231-field_1-last\" class=\"wpforms-field-sublabel after wpforms-sublabel-hide\">Last<\/label><\/div><\/div><\/fieldset><\/div><div id=\"wpforms-231-field_2-container\" class=\"wpforms-field wpforms-field-email\" data-field-id=\"2\"><label class=\"wpforms-field-label\" for=\"wpforms-231-field_2\">Deine E-Mail-Adresse <span class=\"wpforms-required-label\" aria-hidden=\"true\">*<\/span><\/label><input type=\"email\" id=\"wpforms-231-field_2\" class=\"wpforms-field-medium wpforms-field-required\" name=\"wpforms[fields][2]\" spellcheck=\"false\" aria-errormessage=\"wpforms-231-field_2-error\" required><\/div><div id=\"wpforms-231-field_4-container\" class=\"wpforms-field wpforms-field-number\" data-field-id=\"4\"><label class=\"wpforms-field-label\" for=\"wpforms-231-field_4\">Telefonnummer <span class=\"wpforms-required-label\" aria-hidden=\"true\">*<\/span><\/label><input type=\"number\" id=\"wpforms-231-field_4\" class=\"wpforms-field-medium wpforms-field-required\" name=\"wpforms[fields][4]\" step=\"any\" aria-errormessage=\"wpforms-231-field_4-error\" required><\/div><div id=\"wpforms-231-field_3-container\" class=\"wpforms-field wpforms-field-textarea\" data-field-id=\"3\"><label class=\"wpforms-field-label\" for=\"wpforms-231-field_3\">Dein Anliegen<\/label><textarea id=\"wpforms-231-field_3\" class=\"wpforms-field-medium\" name=\"wpforms[fields][3]\" aria-errormessage=\"wpforms-231-field_3-error\" ><\/textarea><\/div><\/div><!-- .wpforms-field-container --><div class=\"wpforms-submit-container\" ><input type=\"hidden\" name=\"wpforms[id]\" value=\"231\"><input type=\"hidden\" name=\"page_title\" value=\"\"><input type=\"hidden\" name=\"page_url\" value=\"https:\/\/www.joecockerandfriends.at\/index.php?rest_route=\/wp\/v2\/pages\/235\"><input type=\"hidden\" name=\"url_referer\" value=\"\"><button type=\"submit\" name=\"wpforms[submit]\" id=\"wpforms-submit-231\" class=\"wpforms-submit\" data-alt-text=\"Sending...\" data-submit-text=\"Senden\" aria-live=\"assertive\" value=\"wpforms-submit\">Senden<\/button><img decoding=\"async\" src=\"https:\/\/www.joecockerandfriends.at\/wp-content\/plugins\/wpforms-lite\/assets\/images\/submit-spin.svg\" class=\"wpforms-submit-spinner\" style=\"display: none;\" width=\"26\" height=\"26\" alt=\"Loading\"><\/div><\/form><\/div>  <!-- .wpforms-container -->\t\t\t\t<\/div>\n\t\t\t\t<\/div>\n\t\t\t\t\t<\/div>\n\t\t\t\t<\/div>\n\t\t\t\t<\/div>\n\t\t","protected":false},"excerpt":{"rendered":"<p>HOME DIE BAND SONGS VIDEO FOTOS EVENTS CONTACT IMPRESSUM AGB X Kontakt Treten Sie mit uns in Kontakt \u2013 Wir freuen uns auf Ihre Fragen, Anfragen und Feedback! Gerne senden<a href=\"https:\/\/www.joecockerandfriends.at\/?page_id=235\" class=\"more-link\"><span class=\"readmore\">Continue reading<span class=\"screen-reader-text\">CONTACT<\/span><\/span><\/a><\/p>\n","protected":false},"author":1,"featured_media":0,"parent":0,"menu_order":0,"comment_status":"closed","ping_status":"closed","template":"","meta":{"_eb_attr":"","footnotes":""},"class_list":["post-235","page","type-page","status-publish","hentry"],"_links":{"self":[{"href":"https:\/\/www.joecockerandfriends.at\/index.php?rest_route=\/wp\/v2\/pages\/235","targetHints":{"allow":["GET"]}}],"collection":[{"href":"https:\/\/www.joecockerandfriends.at\/index.php?rest_route=\/wp\/v2\/pages"}],"about":[{"href":"https:\/\/www.joecockerandfriends.at\/index.php?rest_route=\/wp\/v2\/types\/page"}],"author":[{"embeddable":true,"href":"https:\/\/www.joecockerandfriends.at\/index.php?rest_route=\/wp\/v2\/users\/1"}],"replies":[{"embeddable":true,"href":"https:\/\/www.joecockerandfriends.at\/index.php?rest_route=%2Fwp%2Fv2%2Fcomments&post=235"}],"version-history":[{"count":15,"href":"https:\/\/www.joecockerandfriends.at\/index.php?rest_route=\/wp\/v2\/pages\/235\/revisions"}],"predecessor-version":[{"id":1686,"href":"https:\/\/www.joecockerandfriends.at\/index.php?rest_route=\/wp\/v2\/pages\/235\/revisions\/1686"}],"wp:attachment":[{"href":"https:\/\/www.joecockerandfriends.at\/index.php?rest_route=%2Fwp%2Fv2%2Fmedia&parent=235"}],"curies":[{"name":"wp","href":"https:\/\/api.w.org\/{rel}","templated":true}]}}